{"id":87,"date":"2024-11-05T13:02:28","date_gmt":"2024-11-05T13:02:28","guid":{"rendered":"https:\/\/centrorehabilita.cl\/?page_id=87"},"modified":"2024-11-22T02:54:55","modified_gmt":"2024-11-22T02:54:55","slug":"examenes","status":"publish","type":"page","link":"https:\/\/centrorehabilita.cl\/index.php\/examenes\/","title":{"rendered":"Ex\u00e1menes"},"content":{"rendered":"\n<div class=\"wp-block-cover alignfull is-light\"><span aria-hidden=\"true\" class=\"wp-block-cover__background has-ast-global-color-1-background-color has-background-dim-10 has-background-dim\"><\/span><img loading=\"lazy\" decoding=\"async\" width=\"1866\" height=\"780\" class=\"wp-block-cover__image-background wp-image-181\" alt=\"\" src=\"https:\/\/centrorehabilita.cl\/wp-content\/uploads\/2024\/11\/examenesimagen.png\" style=\"object-position:46% 41%\" data-object-fit=\"cover\" data-object-position=\"46% 41%\" srcset=\"https:\/\/centrorehabilita.cl\/wp-content\/uploads\/2024\/11\/examenesimagen.png 1866w, https:\/\/centrorehabilita.cl\/wp-content\/uploads\/2024\/11\/examenesimagen-300x125.png 300w, https:\/\/centrorehabilita.cl\/wp-content\/uploads\/2024\/11\/examenesimagen-1024x428.png 1024w, https:\/\/centrorehabilita.cl\/wp-content\/uploads\/2024\/11\/examenesimagen-768x321.png 768w, https:\/\/centrorehabilita.cl\/wp-content\/uploads\/2024\/11\/examenesimagen-1536x642.png 1536w\" sizes=\"auto, (max-width: 1866px) 100vw, 1866px\" \/><div class=\"wp-block-cover__inner-container is-layout-flow wp-block-cover-is-layout-flow\">\n<div class=\"wp-block-group alignfull is-layout-constrained wp-block-group-is-layout-constrained\">\n<p class=\"has-ast-global-color-0-color has-text-color has-link-color wp-elements-4050707001f36848488ff3b9defd9a5c\" style=\"font-size:61px\"><strong>Ex\u00e1menes<\/strong><\/p>\n<\/div>\n<\/div><\/div>\n\n\n\n<p style=\"margin-top:var(--wp--preset--spacing--60);margin-bottom:var(--wp--preset--spacing--60)\">En Rehabilita SPA La Visi\u00f3n, contamos con tecnolog\u00eda avanzada en el \u00e1rea de la Oftalmolog\u00eda y Optometr\u00eda.<br>Somos especialistas en oftalmolog\u00eda integral y ofrecemos a nuestros pacientes todos los servicios necesarios para solucionar sus problemas de salud visual.<\/p>\n\n\n\n<ul class=\"wp-block-list\">\n<li>Autorrefractometr\u00eda Computarizada<\/li>\n\n\n\n<li>Microscop\u00eda Especular<\/li>\n\n\n\n<li>Paquimetr\u00eda Ultras\u00f3nica\/\u00d3ptica<\/li>\n\n\n\n<li>Test de Schirmer \/ Cuantificaci\u00f3n Lagrimaci\u00f3n<\/li>\n\n\n\n<li>Tonometr\u00eda Aplan\u00e1tica<\/li>\n\n\n\n<li>Tomograf\u00eda Corneal con Pentacam<\/li>\n\n\n\n<li>Curva de Tensi\u00f3n Aplan\u00e1tica Ambulatoria<\/li>\n\n\n\n<li>Screening Visual en Ni\u00f1os<\/li>\n\n\n\n<li>Tonometr\u00eda Aplan\u00e1tica Aislada<\/li>\n\n\n\n<li>Test de Isihara<\/li>\n\n\n\n<li>Test de Amsler (evaluaci\u00f3n macular)<\/li>\n\n\n\n<li>Tonometr\u00eda de aire sin contacto<\/li>\n<\/ul>\n\n\n\n<figure class=\"wp-block-image size-full is-resized\"><img loading=\"lazy\" decoding=\"async\" width=\"863\" height=\"269\" src=\"https:\/\/centrorehabilita.cl\/wp-content\/uploads\/2024\/11\/logo3.png\" alt=\"\" class=\"wp-image-251\" style=\"width:184px;height:auto\" srcset=\"https:\/\/centrorehabilita.cl\/wp-content\/uploads\/2024\/11\/logo3.png 863w, https:\/\/centrorehabilita.cl\/wp-content\/uploads\/2024\/11\/logo3-300x94.png 300w, https:\/\/centrorehabilita.cl\/wp-content\/uploads\/2024\/11\/logo3-768x239.png 768w\" sizes=\"auto, (max-width: 863px) 100vw, 863px\" \/><\/figure>\n\n\n\n<p><\/p>\n\n\n\n<p><\/p>\n","protected":false},"excerpt":{"rendered":"<p>En Rehabilita SPA La Visi\u00f3n, contamos con tecnolog\u00eda avanzada en el \u00e1rea de la Oftalmolog\u00eda y Optometr\u00eda.Somos especialistas en oftalmolog\u00eda [&hellip;]<\/p>\n","protected":false},"author":1,"featured_media":0,"parent":0,"menu_order":0,"comment_status":"closed","ping_status":"closed","template":"","meta":{"site-sidebar-layout":"default","site-content-layout":"","ast-site-content-layout":"","site-content-style":"default","site-sidebar-style":"default","ast-global-header-display":"","ast-banner-title-visibility":"","ast-main-header-display":"","ast-hfb-above-header-display":"","ast-hfb-below-header-display":"","ast-hfb-mobile-header-display":"","site-post-title":"disabled","ast-breadcrumbs-content":"","ast-featured-img":"","footer-sml-layout":"","theme-transparent-header-meta":"","adv-header-id-meta":"","stick-header-meta":"","header-above-stick-meta":"","header-main-stick-meta":"","header-below-stick-meta":"","astra-migrate-meta-layouts":"default","ast-page-background-enabled":"default","ast-page-background-meta":{"desktop":{"background-color":"var(--ast-global-color-4)","background-image":"","background-repeat":"repeat","background-position":"center center","background-size":"auto","background-attachment":"scroll","background-type":"","background-media":"","overlay-type":"","overlay-color":"","overlay-opacity":"","overlay-gradient":""},"tablet":{"background-color":"","background-image":"","background-repeat":"repeat","background-position":"center center","background-size":"auto","background-attachment":"scroll","background-type":"","background-media":"","overlay-type":"","overlay-color":"","overlay-opacity":"","overlay-gradient":""},"mobile":{"background-color":"","background-image":"","background-repeat":"repeat","background-position":"center center","background-size":"auto","background-attachment":"scroll","background-type":"","background-media":"","overlay-type":"","overlay-color":"","overlay-opacity":"","overlay-gradient":""}},"ast-content-background-meta":{"desktop":{"background-color":"var(--ast-global-color-5)","background-image":"","background-repeat":"repeat","background-position":"center center","background-size":"auto","background-attachment":"scroll","background-type":"","background-media":"","overlay-type":"","overlay-color":"","overlay-opacity":"","overlay-gradient":""},"tablet":{"background-color":"var(--ast-global-color-5)","background-image":"","background-repeat":"repeat","background-position":"center center","background-size":"auto","background-attachment":"scroll","background-type":"","background-media":"","overlay-type":"","overlay-color":"","overlay-opacity":"","overlay-gradient":""},"mobile":{"background-color":"var(--ast-global-color-5)","background-image":"","background-repeat":"repeat","background-position":"center center","background-size":"auto","background-attachment":"scroll","background-type":"","background-media":"","overlay-type":"","overlay-color":"","overlay-opacity":"","overlay-gradient":""}},"footnotes":""},"class_list":["post-87","page","type-page","status-publish","hentry"],"_links":{"self":[{"href":"https:\/\/centrorehabilita.cl\/index.php\/wp-json\/wp\/v2\/pages\/87","targetHints":{"allow":["GET"]}}],"collection":[{"href":"https:\/\/centrorehabilita.cl\/index.php\/wp-json\/wp\/v2\/pages"}],"about":[{"href":"https:\/\/centrorehabilita.cl\/index.php\/wp-json\/wp\/v2\/types\/page"}],"author":[{"embeddable":true,"href":"https:\/\/centrorehabilita.cl\/index.php\/wp-json\/wp\/v2\/users\/1"}],"replies":[{"embeddable":true,"href":"https:\/\/centrorehabilita.cl\/index.php\/wp-json\/wp\/v2\/comments?post=87"}],"version-history":[{"count":15,"href":"https:\/\/centrorehabilita.cl\/index.php\/wp-json\/wp\/v2\/pages\/87\/revisions"}],"predecessor-version":[{"id":292,"href":"https:\/\/centrorehabilita.cl\/index.php\/wp-json\/wp\/v2\/pages\/87\/revisions\/292"}],"wp:attachment":[{"href":"https:\/\/centrorehabilita.cl\/index.php\/wp-json\/wp\/v2\/media?parent=87"}],"curies":[{"name":"wp","href":"https:\/\/api.w.org\/{rel}","templated":true}]}}