{"id":7,"date":"2024-11-04T23:57:52","date_gmt":"2024-11-04T23:57:52","guid":{"rendered":"https:\/\/centrorehabilita.cl\/?page_id=7"},"modified":"2024-11-18T23:53:19","modified_gmt":"2024-11-18T23:53:19","slug":"inicio","status":"publish","type":"page","link":"https:\/\/centrorehabilita.cl\/","title":{"rendered":"Inicio"},"content":{"rendered":"\n<div class=\"wp-block-cover alignfull\" style=\"min-height:700px;aspect-ratio:unset;\"><span aria-hidden=\"true\" class=\"wp-block-cover__background has-background-dim-20 has-background-dim wp-block-cover__gradient-background has-background-gradient\" style=\"background-color:#6e87a7;background:linear-gradient(35deg,rgb(6,0,151) 0%,rgb(130,4,255) 73%,rgb(193,15,255) 100%)\"><\/span><img loading=\"lazy\" decoding=\"async\" width=\"2560\" height=\"1145\" class=\"wp-block-cover__image-background wp-image-199\" alt=\"\" src=\"https:\/\/centrorehabilita.cl\/wp-content\/uploads\/2024\/11\/encabezado-1-scaled.jpg\" data-object-fit=\"cover\" srcset=\"https:\/\/centrorehabilita.cl\/wp-content\/uploads\/2024\/11\/encabezado-1-scaled.jpg 2560w, https:\/\/centrorehabilita.cl\/wp-content\/uploads\/2024\/11\/encabezado-1-300x134.jpg 300w, https:\/\/centrorehabilita.cl\/wp-content\/uploads\/2024\/11\/encabezado-1-1024x458.jpg 1024w, https:\/\/centrorehabilita.cl\/wp-content\/uploads\/2024\/11\/encabezado-1-768x344.jpg 768w, https:\/\/centrorehabilita.cl\/wp-content\/uploads\/2024\/11\/encabezado-1-1536x687.jpg 1536w, https:\/\/centrorehabilita.cl\/wp-content\/uploads\/2024\/11\/encabezado-1-2048x916.jpg 2048w\" sizes=\"auto, (max-width: 2560px) 100vw, 2560px\" \/><div class=\"wp-block-cover__inner-container is-layout-flow wp-block-cover-is-layout-flow\">\n<div class=\"inherit-container-width wp-block-group alignwide is-layout-constrained wp-block-group-is-layout-constrained\">\n<div class=\"wp-block-columns alignwide are-vertically-aligned-center is-layout-flex wp-container-core-columns-is-layout-28f84493 wp-block-columns-is-layout-flex\">\n<div class=\"wp-block-column is-layout-flow wp-block-column-is-layout-flow\" style=\"flex-basis:55%\">\n<h1 class=\"wp-block-heading has-text-align-left has-white-color has-text-color\">Cuidamos tus ojos!<\/h1>\n\n\n\n<p>La vida es fascinante, solo hay que mirarla a trav\u00e9s de la correcci\u00f3n \u00f3ptica adecuada.<\/p>\n<\/div>\n<\/div>\n<\/div>\n<\/div><\/div>\n\n\n\n<div class=\"wp-block-group alignfull has-ast-global-color-5-background-color has-background is-layout-constrained wp-container-core-group-is-layout-9cedb757 wp-block-group-is-layout-constrained\" style=\"padding-bottom:0px\">\n<div class=\"wp-block-columns are-vertically-aligned-top is-layout-flex wp-container-core-columns-is-layout-00723822 wp-block-columns-is-layout-flex\">\n<div class=\"wp-block-column is-vertically-aligned-top is-layout-flow wp-container-core-column-is-layout-6b73ce23 wp-block-column-is-layout-flow\">\n<figure class=\"wp-block-image size-large\"><img decoding=\"async\" src=\"https:\/\/centrorehabilita.cl\/wp-content\/themes\/astra\/inc\/assets\/images\/starter-content\/building.svg\" alt=\"\" class=\"wp-image-134\"\/><\/figure>\n\n\n\n<h3 class=\"wp-block-heading has-text-align-left\" style=\"margin-top:16px\">Tratamientos<\/h3>\n\n\n\n<p class=\"has-text-align-left\">En nuestro centro m\u00e9dico, puedes contar con todo el apoyo profesional para tratar los problemas de la visi\u00f3n.<\/p>\n<\/div>\n\n\n\n<div class=\"wp-block-column is-vertically-aligned-top is-layout-flow wp-container-core-column-is-layout-6b73ce23 wp-block-column-is-layout-flow\">\n<figure class=\"wp-block-image size-large\"><img decoding=\"async\" src=\"https:\/\/centrorehabilita.cl\/wp-content\/themes\/astra\/inc\/assets\/images\/starter-content\/shopping-bag.svg\" alt=\"\" class=\"wp-image-135\"\/><\/figure>\n\n\n\n<h3 class=\"wp-block-heading has-text-align-left\" style=\"margin-top:16px\">Ex\u00e1menes<\/h3>\n\n\n\n<p class=\"has-text-align-left\">Somos especialistas en oftalmolog\u00eda integral y garantizamos precisi\u00f3n en nuestros ex\u00e1menes. <\/p>\n<\/div>\n\n\n\n<div class=\"wp-block-column is-vertically-aligned-top is-layout-flow wp-container-core-column-is-layout-6b73ce23 wp-block-column-is-layout-flow\">\n<figure class=\"wp-block-image size-large\"><img decoding=\"async\" src=\"https:\/\/centrorehabilita.cl\/wp-content\/themes\/astra\/inc\/assets\/images\/starter-content\/blog.svg\" alt=\"\" class=\"wp-image-136\"\/><\/figure>\n\n\n\n<h3 class=\"wp-block-heading has-text-align-left\" style=\"margin-top:16px\">Cirug\u00edas<\/h3>\n\n\n\n<p class=\"has-text-align-left\">Tratamiento quir\u00fargico de los problemas oftalmol\u00f3gicos m\u00e1s frecuentes como: cataratas, glaucoma, enfermedades corneales, enfermedades de superficie ocular.<\/p>\n<\/div>\n\n\n\n<div class=\"wp-block-column is-vertically-aligned-top is-layout-flow wp-container-core-column-is-layout-6b73ce23 wp-block-column-is-layout-flow\">\n<figure class=\"wp-block-image size-large\"><img decoding=\"async\" src=\"https:\/\/centrorehabilita.cl\/wp-content\/themes\/astra\/inc\/assets\/images\/starter-content\/portfolio.svg\" alt=\"\" class=\"wp-image-137\"\/><\/figure>\n\n\n\n<h3 class=\"wp-block-heading has-text-align-left\" style=\"margin-top:16px\">Recomendaciones<\/h3>\n\n\n\n<p class=\"has-text-align-left\">Llegue siempre puntual a la hora agendada. <br>Si tiene ex\u00e1menes o informes m\u00e9dicos, traerlos.<\/p>\n<\/div>\n<\/div>\n<\/div>\n\n\n\n<div class=\"wp-block-group alignfull is-layout-constrained wp-container-core-group-is-layout-45b0ac4f wp-block-group-is-layout-constrained\" id=\"services\" style=\"padding-top:144px;padding-bottom:0px\">\n<h2 class=\"wp-block-heading\">Nuestros Servicios<\/h2>\n\n\n\n<div class=\"wp-block-columns is-layout-flex wp-container-core-columns-is-layout-60cbf9bb wp-block-columns-is-layout-flex\" style=\"margin-top:50px\">\n<div class=\"wp-block-column is-layout-flow wp-container-core-column-is-layout-6b73ce23 wp-block-column-is-layout-flow\">\n<figure class=\"wp-block-image size-full\"><a href=\"https:\/\/centrorehabilita.cl\/index.php\/examenes\/\"><img loading=\"lazy\" decoding=\"async\" width=\"643\" height=\"805\" src=\"https:\/\/centrorehabilita.cl\/wp-content\/uploads\/2024\/11\/imagen-1.jpg\" alt=\"\" class=\"wp-image-51\" srcset=\"https:\/\/centrorehabilita.cl\/wp-content\/uploads\/2024\/11\/imagen-1.jpg 643w, https:\/\/centrorehabilita.cl\/wp-content\/uploads\/2024\/11\/imagen-1-240x300.jpg 240w\" sizes=\"auto, (max-width: 643px) 100vw, 643px\" \/><\/a><\/figure>\n\n\n\n<h3 class=\"wp-block-heading\" style=\"margin-top:16px\">Retinoscop\u00eda<\/h3>\n\n\n\n<p>Examen que se realiza para determinar el estado de la retina, llamado fondo de ojo, que se realiza especialmente en los pacientes diab\u00e9ticos.<\/p>\n<\/div>\n\n\n\n<div class=\"wp-block-column is-layout-flow wp-container-core-column-is-layout-6b73ce23 wp-block-column-is-layout-flow\">\n<figure class=\"wp-block-image size-full\"><a href=\"https:\/\/centrorehabilita.cl\/index.php\/examenes\/\"><img loading=\"lazy\" decoding=\"async\" width=\"643\" height=\"805\" src=\"https:\/\/centrorehabilita.cl\/wp-content\/uploads\/2024\/11\/imagen-2.jpg\" alt=\"\" class=\"wp-image-52\" srcset=\"https:\/\/centrorehabilita.cl\/wp-content\/uploads\/2024\/11\/imagen-2.jpg 643w, https:\/\/centrorehabilita.cl\/wp-content\/uploads\/2024\/11\/imagen-2-240x300.jpg 240w\" sizes=\"auto, (max-width: 643px) 100vw, 643px\" \/><\/a><\/figure>\n\n\n\n<h3 class=\"wp-block-heading\" style=\"margin-top:16px\">Tomograf\u00eda Corneal<\/h3>\n\n\n\n<p>Examen realizado a trav\u00e9s de un aparato llamado Pentacam de \u00faltima generaci\u00f3n, que permite obtener im\u00e1genes de la estructura de la cornea, del polo anterior del ojo, iris, cristalino y c\u00e1mara anterior.<\/p>\n<\/div>\n\n\n\n<div class=\"wp-block-column is-layout-flow wp-container-core-column-is-layout-6b73ce23 wp-block-column-is-layout-flow\">\n<figure class=\"wp-block-image size-full\"><a href=\"https:\/\/centrorehabilita.cl\/index.php\/convenios\/\"><img loading=\"lazy\" decoding=\"async\" width=\"643\" height=\"805\" src=\"https:\/\/centrorehabilita.cl\/wp-content\/uploads\/2024\/11\/imagen-3.jpg\" alt=\"\" class=\"wp-image-53\" srcset=\"https:\/\/centrorehabilita.cl\/wp-content\/uploads\/2024\/11\/imagen-3.jpg 643w, https:\/\/centrorehabilita.cl\/wp-content\/uploads\/2024\/11\/imagen-3-240x300.jpg 240w\" sizes=\"auto, (max-width: 643px) 100vw, 643px\" \/><\/a><\/figure>\n\n\n\n<h3 class=\"wp-block-heading\" style=\"margin-top:16px\">Convenios<\/h3>\n\n\n\n<p>Consulte al momento de reservar su hora, si su sistema previsional est\u00e1 en convenio con nosotros.<\/p>\n<\/div>\n<\/div>\n<\/div>\n\n\n\n<p class=\"has-ast-global-color-5-color has-text-color has-link-color wp-elements-93315f327acb8fc8f652bf7e115cdfad\">&#8230;..<\/p>\n\n\n\n<div class=\"wp-block-cover alignfull\"><span aria-hidden=\"true\" class=\"wp-block-cover__background has-background-dim-70 has-background-dim\" style=\"background-color:#1e1b5c\"><\/span><img loading=\"lazy\" decoding=\"async\" width=\"2560\" height=\"1435\" class=\"wp-block-cover__image-background wp-image-67\" alt=\"\" src=\"https:\/\/centrorehabilita.cl\/wp-content\/uploads\/2024\/11\/tratamientos.jpeg\" data-object-fit=\"cover\" srcset=\"https:\/\/centrorehabilita.cl\/wp-content\/uploads\/2024\/11\/tratamientos.jpeg 2560w, https:\/\/centrorehabilita.cl\/wp-content\/uploads\/2024\/11\/tratamientos-300x168.jpeg 300w, https:\/\/centrorehabilita.cl\/wp-content\/uploads\/2024\/11\/tratamientos-1024x574.jpeg 1024w, https:\/\/centrorehabilita.cl\/wp-content\/uploads\/2024\/11\/tratamientos-768x431.jpeg 768w, https:\/\/centrorehabilita.cl\/wp-content\/uploads\/2024\/11\/tratamientos-1536x861.jpeg 1536w, https:\/\/centrorehabilita.cl\/wp-content\/uploads\/2024\/11\/tratamientos-2048x1148.jpeg 2048w\" sizes=\"auto, (max-width: 2560px) 100vw, 2560px\" \/><div class=\"wp-block-cover__inner-container is-layout-flow wp-block-cover-is-layout-flow\">\n<p class=\"has-text-align-center has-large-font-size\">Tratamientos<\/p>\n\n\n\n<div class=\"wp-block-group is-layout-constrained wp-block-group-is-layout-constrained\">\n<p class=\"has-text-align-center\">En nuestro centro m\u00e9dico, puedes contar con todo el apoyo profesional para tratar los problemas de la visi\u00f3n m\u00e1s comunes y tambi\u00e9n aquellos problemas m\u00e1s espec\u00edficos, que requieren ex\u00e1menes y cuidados personalizados, seg\u00fan la necesidad de cada paciente.<\/p>\n<\/div>\n\n\n\n<div class=\"wp-block-group is-layout-constrained wp-container-core-group-is-layout-821c585e wp-block-group-is-layout-constrained\">\n<ul class=\"wp-block-list\">\n<li>Miop\u00eda <\/li>\n\n\n\n<li>Astigmatismo<\/li>\n\n\n\n<li>Hipermetrop\u00eda<\/li>\n\n\n\n<li>Presbicia<\/li>\n\n\n\n<li>Catarata<\/li>\n\n\n\n<li>Queratocono<\/li>\n\n\n\n<li>Glaucoma<\/li>\n\n\n\n<li>Ojo seco<\/li>\n\n\n\n<li>Enfermedades de la cornea<\/li>\n\n\n\n<li>Cirug\u00eda de p\u00e1rpado y v\u00eda lagrimal<\/li>\n<\/ul>\n<\/div>\n<\/div><\/div>\n\n\n\n<div class=\"wp-block-group alignfull has-ast-global-color-5-background-color has-background is-layout-constrained wp-container-core-group-is-layout-94d206d0 wp-block-group-is-layout-constrained\" id=\"about\" style=\"padding-top:143px;padding-bottom:144px\">\n<div class=\"wp-block-media-text has-media-on-the-right is-stacked-on-mobile is-vertically-aligned-center\"><div class=\"wp-block-media-text__content\">\n<div class=\"inherit-container-width wp-block-group is-layout-constrained wp-container-core-group-is-layout-47ce07ec wp-block-group-is-layout-constrained\" style=\"padding-right:80px\">\n<h2 class=\"wp-block-heading has-large-font-size\" style=\"padding-right:40px\">Atenci\u00f3n al paciente<\/h2>\n\n\n\n<p>Un punto clave al momento de comenzar un tratamiento medico en la salud visual, es contar con el respaldo de un profesional de la salud, que oriente a los pacientes de la manera correcta, para evitar retrasos en el inicio del tratamiento m\u00e9dico o quir\u00fargico y complicaciones post operatorias.<\/p>\n\n\n\n<ul class=\"wp-block-list\">\n<li>Orientaci\u00f3n quir\u00fargica<\/li>\n\n\n\n<li>Convenios<\/li>\n\n\n\n<li>Recomendaciones quir\u00fargicas<\/li>\n\n\n\n<li>Solicitud de documentaci\u00f3n<\/li>\n\n\n\n<li>Solicitud de presupuesto<\/li>\n\n\n\n<li>Pron\u00f3stico de sus enfermedades<\/li>\n<\/ul>\n<\/div>\n<\/div><figure class=\"wp-block-media-text__media\"><img loading=\"lazy\" decoding=\"async\" width=\"1024\" height=\"825\" src=\"https:\/\/centrorehabilita.cl\/wp-content\/uploads\/2024\/11\/atencionpaciente-1024x825.jpg\" alt=\"\" class=\"wp-image-40 size-full\" srcset=\"https:\/\/centrorehabilita.cl\/wp-content\/uploads\/2024\/11\/atencionpaciente-1024x825.jpg 1024w, https:\/\/centrorehabilita.cl\/wp-content\/uploads\/2024\/11\/atencionpaciente-300x242.jpg 300w, https:\/\/centrorehabilita.cl\/wp-content\/uploads\/2024\/11\/atencionpaciente-768x618.jpg 768w, https:\/\/centrorehabilita.cl\/wp-content\/uploads\/2024\/11\/atencionpaciente.jpg 1181w\" sizes=\"auto, (max-width: 1024px) 100vw, 1024px\" \/><\/figure><\/div>\n<\/div>\n\n\n\n<div class=\"wp-block-group alignfull has-background is-layout-constrained wp-container-core-group-is-layout-6a2cfb7b wp-block-group-is-layout-constrained\" id=\"reviews\" style=\"background-color:#ebe1fa\">\n<figure class=\"wp-block-image aligncenter size-full is-resized is-style-rounded\"><img loading=\"lazy\" decoding=\"async\" width=\"150\" height=\"150\" src=\"https:\/\/centrorehabilita.cl\/wp-content\/uploads\/2024\/11\/sergio-echeverria2.png\" alt=\"\" class=\"wp-image-43\" style=\"width:92px;height:auto\"\/><\/figure>\n\n\n\n<p class=\"has-text-align-center\" style=\"font-size:22px;line-height:1.6\">\u201cEn Rehabilita SPA. La Visi\u00f3n, contamos con la mejor tecnolog\u00eda para tu diagn\u00f3stico de las enfermedades oftalmol\u00f3gicas.\u201d<\/p>\n\n\n\n<p class=\"has-text-align-center\"><strong>Dr.<\/strong> <strong>Sergio Echeverr\u00eda<\/strong><br><mark style=\"background-color:rgba(0, 0, 0, 0);color:#70629d\" class=\"has-inline-color\">Oftalm\u00f3logo<\/mark><\/p>\n<\/div>\n\n\n\n<div class=\"wp-block-group alignfull is-layout-constrained wp-container-core-group-is-layout-3fee123f wp-block-group-is-layout-constrained\" id=\"whyus\" style=\"padding-top:144px;padding-bottom:144px\">\n<h2 class=\"wp-block-heading\">Porqu\u00e9 elegirnos?<\/h2>\n\n\n\n<div class=\"wp-block-columns is-layout-flex wp-container-core-columns-is-layout-29aadeec wp-block-columns-is-layout-flex\" style=\"margin-top:60px\">\n<div class=\"wp-block-column is-layout-flow wp-container-core-column-is-layout-6b73ce23 wp-block-column-is-layout-flow\">\n<figure class=\"wp-block-image size-large\"><img decoding=\"async\" src=\"https:\/\/centrorehabilita.cl\/wp-content\/themes\/astra\/inc\/assets\/images\/starter-content\/passionate.svg\" alt=\"\" class=\"wp-image-162\"\/><\/figure>\n\n\n\n<h3 class=\"wp-block-heading\" style=\"margin-top:16px\">Compromiso<\/h3>\n\n\n\n<p>Tenemos un firme compromiso con el bienestar y la salud de las personas.<br>La visi\u00f3n es uno de los sentidos m\u00e1s preciados y sabemos como ayudar en la salud ocular. <\/p>\n<\/div>\n\n\n\n<div class=\"wp-block-column is-layout-flow wp-container-core-column-is-layout-6b73ce23 wp-block-column-is-layout-flow\">\n<figure class=\"wp-block-image size-large\"><img decoding=\"async\" src=\"https:\/\/centrorehabilita.cl\/wp-content\/themes\/astra\/inc\/assets\/images\/starter-content\/professional.svg\" alt=\"\" class=\"wp-image-163\"\/><\/figure>\n\n\n\n<h3 class=\"wp-block-heading\" style=\"margin-top:16px\">Profesional<\/h3>\n\n\n\n<p>El equipo de salud al cuidado de sus ojos es liderado por el Dr. Sergio Echeverr\u00eda C., oftalm\u00f3logo, sub especialista de cornea, superficie ocular y enfermedades de cornea. <br>Director del Departamento de Especialidades M\u00e9dicas de la Universidad de La Frontera.<\/p>\n<\/div>\n\n\n\n<div class=\"wp-block-column is-layout-flow wp-container-core-column-is-layout-6b73ce23 wp-block-column-is-layout-flow\">\n<figure class=\"wp-block-image size-large\"><img decoding=\"async\" src=\"https:\/\/centrorehabilita.cl\/wp-content\/themes\/astra\/inc\/assets\/images\/starter-content\/support.svg\" alt=\"\" class=\"wp-image-164\"\/><\/figure>\n\n\n\n<h3 class=\"wp-block-heading\" style=\"margin-top:16px\">Soporte<\/h3>\n\n\n\n<p>Somos especialistas en oftalmolog\u00eda integral y ofrecemos a nuestros pacientes todos los servicios necesarios para solucionar sus problemas de salud visual.<\/p>\n<\/div>\n<\/div>\n<\/div>\n\n\n\n<h2 class=\"wp-block-heading has-text-align-center has-text-color\" style=\"color:#ffffff\"><\/h2>\n\n\n\n<div class=\"wp-block-group alignfull has-background is-layout-constrained wp-container-core-group-is-layout-cfcca693 wp-block-group-is-layout-constrained\" id=\"contact\" style=\"background:linear-gradient(35deg,rgb(6,0,151) 0%,rgb(130,4,255) 64%,rgb(193,15,255) 98%);padding-top:104px;padding-bottom:104px\">\n<div class=\"wp-block-group alignfull is-layout-constrained wp-block-group-is-layout-constrained\">\n<div class=\"wp-block-columns is-layout-flex wp-container-core-columns-is-layout-28f84493 wp-block-columns-is-layout-flex\">\n<div class=\"wp-block-column is-vertically-aligned-top is-content-justification-center is-layout-constrained wp-block-column-is-layout-constrained\">\n<p class=\"has-vivid-cyan-blue-color has-text-color has-link-color wp-elements-78aa69a629aa41eeca5f7debeb8741c3\" style=\"font-size:27px\"><strong>Reserva una hora de atenci\u00f3n.<\/strong><\/p>\n<\/div>\n\n\n\n<div class=\"wp-block-column is-vertically-aligned-top is-content-justification-center is-layout-constrained wp-block-column-is-layout-constrained\">\n<p class=\"has-ast-global-color-5-color has-text-color has-link-color wp-elements-abe214cf7297813f43ea7315d2df2b57\" style=\"font-size:14px\">Trizano N\u00b0430, oficina 201. Edificio Galia Temuco<br>Fono: 45 2215783 &#8211; 45 2746638<br>WhatsApp: +569 98455903 <br>E-mail: rehabilita.spa1@gmail.com<\/p>\n<\/div>\n\n\n\n<div class=\"wp-block-column is-vertically-aligned-top is-content-justification-center is-layout-constrained wp-block-column-is-layout-constrained\">\n<p class=\"has-ast-global-color-5-color has-text-color has-link-color wp-elements-3734964bfc609daa0c507fcccf840d5c\" style=\"font-size:16px\"><strong><mark style=\"background-color:rgba(0, 0, 0, 0);color:#08d5f6\" class=\"has-inline-color\">Horario de Atenci\u00f3n<\/mark><\/strong><br>Lunes a Viernes<br>8:00 a 19:00 hrs.<\/p>\n<\/div>\n<\/div>\n<\/div>\n<\/div>\n\n\n\n<p><\/p>\n","protected":false},"excerpt":{"rendered":"<p>Tratamientos En nuestro centro m\u00e9dico, puedes contar con todo el apoyo profesional para tratar los problemas de la visi\u00f3n. Ex\u00e1menes [&hellip;]<\/p>\n","protected":false},"author":1,"featured_media":0,"parent":0,"menu_order":0,"comment_status":"closed","ping_status":"closed","template":"","meta":{"site-sidebar-layout":"no-sidebar","site-content-layout":"plain-container","ast-site-content-layout":"","site-content-style":"default","site-sidebar-style":"default","ast-global-header-display":"","ast-banner-title-visibility":"","ast-main-header-display":"","ast-hfb-above-header-display":"","ast-hfb-below-header-display":"","ast-hfb-mobile-header-display":"","site-post-title":"disabled","ast-breadcrumbs-content":"","ast-featured-img":"","footer-sml-layout":"","theme-transparent-header-meta":"enabled","adv-header-id-meta":"","stick-header-meta":"","header-above-stick-meta":"","header-main-stick-meta":"","header-below-stick-meta":"","astra-migrate-meta-layouts":"default","ast-page-background-enabled":"default","ast-page-background-meta":{"desktop":{"background-color":"var(--ast-global-color-4)","background-image":"","background-repeat":"repeat","background-position":"center center","background-size":"auto","background-attachment":"scroll","background-type":"","background-media":"","overlay-type":"","overlay-color":"","overlay-opacity":"","overlay-gradient":""},"tablet":{"background-color":"","background-image":"","background-repeat":"repeat","background-position":"center center","background-size":"auto","background-attachment":"scroll","background-type":"","background-media":"","overlay-type":"","overlay-color":"","overlay-opacity":"","overlay-gradient":""},"mobile":{"background-color":"","background-image":"","background-repeat":"repeat","background-position":"center center","background-size":"auto","background-attachment":"scroll","background-type":"","background-media":"","overlay-type":"","overlay-color":"","overlay-opacity":"","overlay-gradient":""}},"ast-content-background-meta":{"desktop":{"background-color":"var(--ast-global-color-5)","background-image":"","background-repeat":"repeat","background-position":"center center","background-size":"auto","background-attachment":"scroll","background-type":"","background-media":"","overlay-type":"","overlay-color":"","overlay-opacity":"","overlay-gradient":""},"tablet":{"background-color":"var(--ast-global-color-5)","background-image":"","background-repeat":"repeat","background-position":"center center","background-size":"auto","background-attachment":"scroll","background-type":"","background-media":"","overlay-type":"","overlay-color":"","overlay-opacity":"","overlay-gradient":""},"mobile":{"background-color":"var(--ast-global-color-5)","background-image":"","background-repeat":"repeat","background-position":"center center","background-size":"auto","background-attachment":"scroll","background-type":"","background-media":"","overlay-type":"","overlay-color":"","overlay-opacity":"","overlay-gradient":""}},"footnotes":""},"class_list":["post-7","page","type-page","status-publish","hentry"],"_links":{"self":[{"href":"https:\/\/centrorehabilita.cl\/index.php\/wp-json\/wp\/v2\/pages\/7","targetHints":{"allow":["GET"]}}],"collection":[{"href":"https:\/\/centrorehabilita.cl\/index.php\/wp-json\/wp\/v2\/pages"}],"about":[{"href":"https:\/\/centrorehabilita.cl\/index.php\/wp-json\/wp\/v2\/types\/page"}],"author":[{"embeddable":true,"href":"https:\/\/centrorehabilita.cl\/index.php\/wp-json\/wp\/v2\/users\/1"}],"replies":[{"embeddable":true,"href":"https:\/\/centrorehabilita.cl\/index.php\/wp-json\/wp\/v2\/comments?post=7"}],"version-history":[{"count":64,"href":"https:\/\/centrorehabilita.cl\/index.php\/wp-json\/wp\/v2\/pages\/7\/revisions"}],"predecessor-version":[{"id":287,"href":"https:\/\/centrorehabilita.cl\/index.php\/wp-json\/wp\/v2\/pages\/7\/revisions\/287"}],"wp:attachment":[{"href":"https:\/\/centrorehabilita.cl\/index.php\/wp-json\/wp\/v2\/media?parent=7"}],"curies":[{"name":"wp","href":"https:\/\/api.w.org\/{rel}","templated":true}]}}