{"id":111,"date":"2024-11-05T14:14:13","date_gmt":"2024-11-05T14:14:13","guid":{"rendered":"https:\/\/centrorehabilita.cl\/?page_id=111"},"modified":"2024-11-22T02:59:38","modified_gmt":"2024-11-22T02:59:38","slug":"contacto","status":"publish","type":"page","link":"https:\/\/centrorehabilita.cl\/index.php\/contacto\/","title":{"rendered":"Contacto"},"content":{"rendered":"\n<div class=\"wp-block-cover alignfull\"><span aria-hidden=\"true\" class=\"wp-block-cover__background has-ast-global-color-1-background-color has-background-dim-10 has-background-dim\"><\/span><img loading=\"lazy\" decoding=\"async\" width=\"1368\" height=\"667\" class=\"wp-block-cover__image-background wp-image-166\" alt=\"\" src=\"https:\/\/centrorehabilita.cl\/wp-content\/uploads\/2024\/11\/contactoimagen.png\" style=\"object-position:57% 33%\" data-object-fit=\"cover\" data-object-position=\"57% 33%\" srcset=\"https:\/\/centrorehabilita.cl\/wp-content\/uploads\/2024\/11\/contactoimagen.png 1368w, https:\/\/centrorehabilita.cl\/wp-content\/uploads\/2024\/11\/contactoimagen-300x146.png 300w, https:\/\/centrorehabilita.cl\/wp-content\/uploads\/2024\/11\/contactoimagen-1024x499.png 1024w, https:\/\/centrorehabilita.cl\/wp-content\/uploads\/2024\/11\/contactoimagen-768x374.png 768w\" sizes=\"auto, (max-width: 1368px) 100vw, 1368px\" \/><div class=\"wp-block-cover__inner-container is-layout-constrained wp-block-cover-is-layout-constrained\">\n<div class=\"wp-block-group is-layout-constrained wp-block-group-is-layout-constrained\">\n<p class=\"has-text-align-left has-ast-global-color-0-color has-text-color has-link-color wp-elements-48f0957ff9769c88c328e013afbe5611\" style=\"font-size:57px\"><strong>Contacto<\/strong><\/p>\n<\/div>\n<\/div><\/div>\n\n\n\n<p style=\"margin-top:var(--wp--preset--spacing--60);margin-bottom:var(--wp--preset--spacing--60)\"><strong>Recomendaciones Generales al asistir a la consulta m\u00e9dica:<\/strong><\/p>\n\n\n\n<ul class=\"wp-block-list\">\n<li>Programe su visita para llegar puntualmente a la hora reservada.<\/li>\n\n\n\n<li>Traer sus lentes \u00f3pticos o recetas de ellos.<\/li>\n\n\n\n<li>Traer los f\u00e1rmacos oftalmol\u00f3gicos, sean habituales u ocasionales.<\/li>\n\n\n\n<li>Traer ex\u00e1menes o informes m\u00e9dicos anteriores.<\/li>\n<\/ul>\n\n\n\n<div class=\"wp-block-columns alignwide has-background is-layout-flex wp-container-core-columns-is-layout-8d88fe0f wp-block-columns-is-layout-flex\" style=\"background-color:#faf7ff00;padding-top:var(--wp--preset--spacing--20);padding-bottom:var(--wp--preset--spacing--20)\">\n<div class=\"wp-block-column has-background is-layout-flow wp-block-column-is-layout-flow\" style=\"background-color:#fcfaf200;padding-top:var(--wp--preset--spacing--20);padding-bottom:var(--wp--preset--spacing--20)\">\n<figure class=\"wp-block-image size-full is-resized\"><img loading=\"lazy\" decoding=\"async\" width=\"709\" height=\"709\" src=\"https:\/\/centrorehabilita.cl\/wp-content\/uploads\/2024\/11\/image.png\" alt=\"\" class=\"wp-image-191\" style=\"width:276px\" srcset=\"https:\/\/centrorehabilita.cl\/wp-content\/uploads\/2024\/11\/image.png 709w, https:\/\/centrorehabilita.cl\/wp-content\/uploads\/2024\/11\/image-300x300.png 300w, https:\/\/centrorehabilita.cl\/wp-content\/uploads\/2024\/11\/image-150x150.png 150w\" sizes=\"auto, (max-width: 709px) 100vw, 709px\" \/><\/figure>\n\n\n\n<figure class=\"wp-block-image size-full is-resized\"><img loading=\"lazy\" decoding=\"async\" width=\"204\" height=\"156\" src=\"https:\/\/centrorehabilita.cl\/wp-content\/uploads\/2024\/11\/escribenos5.png\" alt=\"\" class=\"wp-image-131\" style=\"width:58px;height:auto\"\/><\/figure>\n\n\n\n<p style=\"margin-top:var(--wp--preset--spacing--20);margin-bottom:var(--wp--preset--spacing--20);font-size:24px\"><strong>Escr\u00edbanos<\/strong><\/p>\n\n\n\n<p class=\"has-text-align-left\" style=\"margin-top:0;margin-bottom:0;font-size:18px\">E-mail: <br>rehabilita.spa1@gmail.com<br>consultasocme3@gmail.com<\/p>\n<\/div>\n\n\n\n<div class=\"wp-block-column has-background is-layout-flow wp-block-column-is-layout-flow\" style=\"background-color:#fcfaf200;padding-top:var(--wp--preset--spacing--20);padding-bottom:var(--wp--preset--spacing--20)\">\n<figure class=\"wp-block-image size-full is-resized\"><img loading=\"lazy\" decoding=\"async\" width=\"709\" height=\"709\" src=\"https:\/\/centrorehabilita.cl\/wp-content\/uploads\/2024\/11\/image-1.png\" alt=\"\" class=\"wp-image-193\" style=\"width:276px;height:auto\" srcset=\"https:\/\/centrorehabilita.cl\/wp-content\/uploads\/2024\/11\/image-1.png 709w, https:\/\/centrorehabilita.cl\/wp-content\/uploads\/2024\/11\/image-1-300x300.png 300w, https:\/\/centrorehabilita.cl\/wp-content\/uploads\/2024\/11\/image-1-150x150.png 150w\" sizes=\"auto, (max-width: 709px) 100vw, 709px\" \/><\/figure>\n\n\n\n<figure class=\"wp-block-image size-full is-resized\"><img loading=\"lazy\" decoding=\"async\" width=\"177\" height=\"177\" src=\"https:\/\/centrorehabilita.cl\/wp-content\/uploads\/2024\/11\/visitanos5.png\" alt=\"\" class=\"wp-image-133\" style=\"width:45px;height:auto\" srcset=\"https:\/\/centrorehabilita.cl\/wp-content\/uploads\/2024\/11\/visitanos5.png 177w, https:\/\/centrorehabilita.cl\/wp-content\/uploads\/2024\/11\/visitanos5-150x150.png 150w\" sizes=\"auto, (max-width: 177px) 100vw, 177px\" \/><\/figure>\n\n\n\n<p style=\"margin-top:var(--wp--preset--spacing--20);margin-bottom:var(--wp--preset--spacing--20);font-size:24px\"><strong>Vis\u00edtenos<\/strong><\/p>\n\n\n\n<p style=\"margin-top:var(--wp--preset--spacing--20);margin-bottom:var(--wp--preset--spacing--20);font-size:18px\">Trizano 430, oficina 201.<br>Edificio Galia <br>Temuco<\/p>\n<\/div>\n\n\n\n<div class=\"wp-block-column has-background is-layout-flow wp-block-column-is-layout-flow\" style=\"background-color:#fcfaf200;padding-top:var(--wp--preset--spacing--20);padding-bottom:var(--wp--preset--spacing--20)\">\n<figure class=\"wp-block-image size-full is-resized\"><img loading=\"lazy\" decoding=\"async\" width=\"709\" height=\"709\" src=\"https:\/\/centrorehabilita.cl\/wp-content\/uploads\/2024\/11\/image-2.png\" alt=\"\" class=\"wp-image-194\" style=\"width:276px\" srcset=\"https:\/\/centrorehabilita.cl\/wp-content\/uploads\/2024\/11\/image-2.png 709w, https:\/\/centrorehabilita.cl\/wp-content\/uploads\/2024\/11\/image-2-300x300.png 300w, https:\/\/centrorehabilita.cl\/wp-content\/uploads\/2024\/11\/image-2-150x150.png 150w\" sizes=\"auto, (max-width: 709px) 100vw, 709px\" \/><\/figure>\n\n\n\n<figure class=\"wp-block-image size-full is-resized\"><img loading=\"lazy\" decoding=\"async\" width=\"173\" height=\"167\" src=\"https:\/\/centrorehabilita.cl\/wp-content\/uploads\/2024\/11\/llamanos5.png\" alt=\"\" class=\"wp-image-134\" style=\"width:45px;height:auto\"\/><\/figure>\n\n\n\n<p style=\"margin-top:var(--wp--preset--spacing--20);margin-bottom:var(--wp--preset--spacing--20);font-size:24px\"><strong>Ll\u00e1menos<\/strong><\/p>\n\n\n\n<p style=\"margin-top:var(--wp--preset--spacing--20);margin-bottom:var(--wp--preset--spacing--20);font-size:18px\">Fonos: <br>45 2215783 &#8211; 45 2746638<br>WhatsApp: +569 98455903<\/p>\n<\/div>\n<\/div>\n\n\n\n<figure class=\"wp-block-image size-full is-resized\"><img loading=\"lazy\" decoding=\"async\" width=\"185\" height=\"165\" src=\"https:\/\/centrorehabilita.cl\/wp-content\/uploads\/2024\/11\/horario.png\" alt=\"\" class=\"wp-image-270\" style=\"width:48px;height:auto\"\/><\/figure>\n\n\n\n<p style=\"margin-top:0;margin-bottom:0;font-size:24px\"><strong>Horario de Atenci\u00f3n<\/strong><\/p>\n\n\n\n<p style=\"margin-top:0;margin-bottom:0;font-size:18px\">Lunes a Viernes : 8:30 a 19:00 hrs.<\/p>\n\n\n\n<p><\/p>\n\n\n\n<iframe src=\"https:\/\/www.google.com\/maps\/embed?pb=!1m18!1m12!1m3!1d778.0659964188463!2d-72.60701686290483!3d-38.73470401187814!2m3!1f0!2f0!3f0!3m2!1i1024!2i768!4f13.1!3m3!1m2!1s0x9614d3f062af9b0b%3A0xa4e85ab92b651e1f!2sSoc%20de%20Cirujanos%20Medicos%20Especialistas!5e0!3m2!1ses!2scl!4v1730815954997!5m2!1ses!2scl\" width=\"2400\" height=\"500\" style=\"border:0;\" allowfullscreen=\"\" loading=\"lazy\" referrerpolicy=\"no-referrer-when-downgrade\"><\/iframe>\n\n\n\n<p><\/p>\n\n\n\n<p><\/p>\n","protected":false},"excerpt":{"rendered":"<p>Recomendaciones Generales al asistir a la consulta m\u00e9dica: Escr\u00edbanos E-mail: rehabilita.spa1@gmail.comconsultasocme3@gmail.com Vis\u00edtenos Trizano 430, oficina 201.Edificio Galia Temuco Ll\u00e1menos Fonos: [&hellip;]<\/p>\n","protected":false},"author":1,"featured_media":0,"parent":0,"menu_order":0,"comment_status":"closed","ping_status":"closed","template":"","meta":{"site-sidebar-layout":"default","site-content-layout":"","ast-site-content-layout":"","site-content-style":"default","site-sidebar-style":"default","ast-global-header-display":"","ast-banner-title-visibility":"","ast-main-header-display":"","ast-hfb-above-header-display":"","ast-hfb-below-header-display":"","ast-hfb-mobile-header-display":"","site-post-title":"disabled","ast-breadcrumbs-content":"","ast-featured-img":"","footer-sml-layout":"","theme-transparent-header-meta":"","adv-header-id-meta":"","stick-header-meta":"","header-above-stick-meta":"","header-main-stick-meta":"","header-below-stick-meta":"","astra-migrate-meta-layouts":"default","ast-page-background-enabled":"default","ast-page-background-meta":{"desktop":{"background-color":"var(--ast-global-color-4)","background-image":"","background-repeat":"repeat","background-position":"center center","background-size":"auto","background-attachment":"scroll","background-type":"","background-media":"","overlay-type":"","overlay-color":"","overlay-opacity":"","overlay-gradient":""},"tablet":{"background-color":"","background-image":"","background-repeat":"repeat","background-position":"center center","background-size":"auto","background-attachment":"scroll","background-type":"","background-media":"","overlay-type":"","overlay-color":"","overlay-opacity":"","overlay-gradient":""},"mobile":{"background-color":"","background-image":"","background-repeat":"repeat","background-position":"center center","background-size":"auto","background-attachment":"scroll","background-type":"","background-media":"","overlay-type":"","overlay-color":"","overlay-opacity":"","overlay-gradient":""}},"ast-content-background-meta":{"desktop":{"background-color":"var(--ast-global-color-5)","background-image":"","background-repeat":"repeat","background-position":"center center","background-size":"auto","background-attachment":"scroll","background-type":"","background-media":"","overlay-type":"","overlay-color":"","overlay-opacity":"","overlay-gradient":""},"tablet":{"background-color":"var(--ast-global-color-5)","background-image":"","background-repeat":"repeat","background-position":"center center","background-size":"auto","background-attachment":"scroll","background-type":"","background-media":"","overlay-type":"","overlay-color":"","overlay-opacity":"","overlay-gradient":""},"mobile":{"background-color":"var(--ast-global-color-5)","background-image":"","background-repeat":"repeat","background-position":"center center","background-size":"auto","background-attachment":"scroll","background-type":"","background-media":"","overlay-type":"","overlay-color":"","overlay-opacity":"","overlay-gradient":""}},"footnotes":""},"class_list":["post-111","page","type-page","status-publish","hentry"],"_links":{"self":[{"href":"https:\/\/centrorehabilita.cl\/index.php\/wp-json\/wp\/v2\/pages\/111","targetHints":{"allow":["GET"]}}],"collection":[{"href":"https:\/\/centrorehabilita.cl\/index.php\/wp-json\/wp\/v2\/pages"}],"about":[{"href":"https:\/\/centrorehabilita.cl\/index.php\/wp-json\/wp\/v2\/types\/page"}],"author":[{"embeddable":true,"href":"https:\/\/centrorehabilita.cl\/index.php\/wp-json\/wp\/v2\/users\/1"}],"replies":[{"embeddable":true,"href":"https:\/\/centrorehabilita.cl\/index.php\/wp-json\/wp\/v2\/comments?post=111"}],"version-history":[{"count":58,"href":"https:\/\/centrorehabilita.cl\/index.php\/wp-json\/wp\/v2\/pages\/111\/revisions"}],"predecessor-version":[{"id":296,"href":"https:\/\/centrorehabilita.cl\/index.php\/wp-json\/wp\/v2\/pages\/111\/revisions\/296"}],"wp:attachment":[{"href":"https:\/\/centrorehabilita.cl\/index.php\/wp-json\/wp\/v2\/media?parent=111"}],"curies":[{"name":"wp","href":"https:\/\/api.w.org\/{rel}","templated":true}]}}