{"id":105,"date":"2024-11-05T13:32:16","date_gmt":"2024-11-05T13:32:16","guid":{"rendered":"https:\/\/centrorehabilita.cl\/?page_id=105"},"modified":"2024-11-22T02:55:33","modified_gmt":"2024-11-22T02:55:33","slug":"tratamientos","status":"publish","type":"page","link":"https:\/\/centrorehabilita.cl\/index.php\/tratamientos\/","title":{"rendered":"Tratamientos"},"content":{"rendered":"\n<div class=\"wp-block-cover alignfull is-light\"><span aria-hidden=\"true\" class=\"wp-block-cover__background has-ast-global-color-1-background-color has-background-dim-10 has-background-dim\"><\/span><img loading=\"lazy\" decoding=\"async\" width=\"2234\" height=\"1036\" class=\"wp-block-cover__image-background wp-image-175\" alt=\"\" src=\"https:\/\/centrorehabilita.cl\/wp-content\/uploads\/2024\/11\/tratamientosimagen.png\" style=\"object-position:55% 36%\" data-object-fit=\"cover\" data-object-position=\"55% 36%\" srcset=\"https:\/\/centrorehabilita.cl\/wp-content\/uploads\/2024\/11\/tratamientosimagen.png 2234w, https:\/\/centrorehabilita.cl\/wp-content\/uploads\/2024\/11\/tratamientosimagen-300x139.png 300w, https:\/\/centrorehabilita.cl\/wp-content\/uploads\/2024\/11\/tratamientosimagen-1024x475.png 1024w, https:\/\/centrorehabilita.cl\/wp-content\/uploads\/2024\/11\/tratamientosimagen-768x356.png 768w, https:\/\/centrorehabilita.cl\/wp-content\/uploads\/2024\/11\/tratamientosimagen-1536x712.png 1536w, https:\/\/centrorehabilita.cl\/wp-content\/uploads\/2024\/11\/tratamientosimagen-2048x950.png 2048w\" sizes=\"auto, (max-width: 2234px) 100vw, 2234px\" \/><div class=\"wp-block-cover__inner-container is-layout-flow wp-block-cover-is-layout-flow\">\n<div class=\"wp-block-group alignfull is-layout-constrained wp-block-group-is-layout-constrained\">\n<p class=\"has-ast-global-color-5-color has-text-color has-link-color wp-elements-0e49822de89acf7c5d1893f6525dae95\" style=\"font-size:59px\"><strong>Tratamientos<\/strong><\/p>\n<\/div>\n<\/div><\/div>\n\n\n\n<p style=\"margin-top:var(--wp--preset--spacing--60);margin-bottom:var(--wp--preset--spacing--60)\">En nuestro centro m\u00e9dico, puedes contar con el apoyo profesional para tratar los problemas de la visi\u00f3n m\u00e1s comunes y tambi\u00e9n aquellos problemas m\u00e1s espec\u00edficos, que requieren ex\u00e1menes y cuidados personalizados, seg\u00fan la necesidad de cada paciente.<\/p>\n\n\n\n<p>Miop\u00eda<br>Astigmatismo<br>Hipermetrop\u00eda<br>Presbicia<br>Catarata<br>Queratocono<br>Glaucoma<br>V\u00edtreo Retina<br>Retinopat\u00eda diab\u00e9tica<br>Ojo seco<br>Cirug\u00eda pl\u00e1stica ocular<\/p>\n\n\n\n<figure class=\"wp-block-image size-full is-resized\"><img loading=\"lazy\" decoding=\"async\" width=\"863\" height=\"269\" src=\"https:\/\/centrorehabilita.cl\/wp-content\/uploads\/2024\/11\/logo3.png\" alt=\"\" class=\"wp-image-251\" style=\"width:184px;height:auto\" srcset=\"https:\/\/centrorehabilita.cl\/wp-content\/uploads\/2024\/11\/logo3.png 863w, https:\/\/centrorehabilita.cl\/wp-content\/uploads\/2024\/11\/logo3-300x94.png 300w, https:\/\/centrorehabilita.cl\/wp-content\/uploads\/2024\/11\/logo3-768x239.png 768w\" sizes=\"auto, (max-width: 863px) 100vw, 863px\" \/><\/figure>\n\n\n\n<p><\/p>\n","protected":false},"excerpt":{"rendered":"<p>En nuestro centro m\u00e9dico, puedes contar con el apoyo profesional para tratar los problemas de la visi\u00f3n m\u00e1s comunes y [&hellip;]<\/p>\n","protected":false},"author":1,"featured_media":0,"parent":0,"menu_order":0,"comment_status":"closed","ping_status":"closed","template":"","meta":{"site-sidebar-layout":"default","site-content-layout":"","ast-site-content-layout":"","site-content-style":"default","site-sidebar-style":"default","ast-global-header-display":"","ast-banner-title-visibility":"","ast-main-header-display":"","ast-hfb-above-header-display":"","ast-hfb-below-header-display":"","ast-hfb-mobile-header-display":"","site-post-title":"disabled","ast-breadcrumbs-content":"","ast-featured-img":"","footer-sml-layout":"","theme-transparent-header-meta":"","adv-header-id-meta":"","stick-header-meta":"","header-above-stick-meta":"","header-main-stick-meta":"","header-below-stick-meta":"","astra-migrate-meta-layouts":"default","ast-page-background-enabled":"default","ast-page-background-meta":{"desktop":{"background-color":"var(--ast-global-color-4)","background-image":"","background-repeat":"repeat","background-position":"center center","background-size":"auto","background-attachment":"scroll","background-type":"","background-media":"","overlay-type":"","overlay-color":"","overlay-opacity":"","overlay-gradient":""},"tablet":{"background-color":"","background-image":"","background-repeat":"repeat","background-position":"center center","background-size":"auto","background-attachment":"scroll","background-type":"","background-media":"","overlay-type":"","overlay-color":"","overlay-opacity":"","overlay-gradient":""},"mobile":{"background-color":"","background-image":"","background-repeat":"repeat","background-position":"center center","background-size":"auto","background-attachment":"scroll","background-type":"","background-media":"","overlay-type":"","overlay-color":"","overlay-opacity":"","overlay-gradient":""}},"ast-content-background-meta":{"desktop":{"background-color":"var(--ast-global-color-5)","background-image":"","background-repeat":"repeat","background-position":"center center","background-size":"auto","background-attachment":"scroll","background-type":"","background-media":"","overlay-type":"","overlay-color":"","overlay-opacity":"","overlay-gradient":""},"tablet":{"background-color":"var(--ast-global-color-5)","background-image":"","background-repeat":"repeat","background-position":"center center","background-size":"auto","background-attachment":"scroll","background-type":"","background-media":"","overlay-type":"","overlay-color":"","overlay-opacity":"","overlay-gradient":""},"mobile":{"background-color":"var(--ast-global-color-5)","background-image":"","background-repeat":"repeat","background-position":"center center","background-size":"auto","background-attachment":"scroll","background-type":"","background-media":"","overlay-type":"","overlay-color":"","overlay-opacity":"","overlay-gradient":""}},"footnotes":""},"class_list":["post-105","page","type-page","status-publish","hentry"],"_links":{"self":[{"href":"https:\/\/centrorehabilita.cl\/index.php\/wp-json\/wp\/v2\/pages\/105","targetHints":{"allow":["GET"]}}],"collection":[{"href":"https:\/\/centrorehabilita.cl\/index.php\/wp-json\/wp\/v2\/pages"}],"about":[{"href":"https:\/\/centrorehabilita.cl\/index.php\/wp-json\/wp\/v2\/types\/page"}],"author":[{"embeddable":true,"href":"https:\/\/centrorehabilita.cl\/index.php\/wp-json\/wp\/v2\/users\/1"}],"replies":[{"embeddable":true,"href":"https:\/\/centrorehabilita.cl\/index.php\/wp-json\/wp\/v2\/comments?post=105"}],"version-history":[{"count":9,"href":"https:\/\/centrorehabilita.cl\/index.php\/wp-json\/wp\/v2\/pages\/105\/revisions"}],"predecessor-version":[{"id":293,"href":"https:\/\/centrorehabilita.cl\/index.php\/wp-json\/wp\/v2\/pages\/105\/revisions\/293"}],"wp:attachment":[{"href":"https:\/\/centrorehabilita.cl\/index.php\/wp-json\/wp\/v2\/media?parent=105"}],"curies":[{"name":"wp","href":"https:\/\/api.w.org\/{rel}","templated":true}]}}